{"id":5,"date":"2018-01-24T22:45:53","date_gmt":"2018-01-24T22:45:53","guid":{"rendered":"http:\/\/proyectoilustrador.cl\/?page_id=5"},"modified":"2025-05-30T23:52:44","modified_gmt":"2025-05-30T23:52:44","slug":"biografia","status":"publish","type":"page","link":"https:\/\/proyectoilustrador.cl\/index.php\/biografia\/","title":{"rendered":"Ilustrador"},"content":{"rendered":"<div class=\"mp-row-fluid motopress-row mpce-dsbl-margin-left mpce-dsbl-margin-right\">\n<div class=\"motopress-clmn mp-span6  mpce-dsbl-margin-left mpce-dsbl-margin-right\">\n<h3>ORLANDO LAGOS ACU\u00d1A<\/h3>\n<h4>Estudios<\/h4>\n<h4>Colegio San Ignacio A.O.<\/h4>\n<h4>Universidad de Santiago T. Forestal<\/h4>\n<\/div>\n<div class=\"motopress-clmn mp-span6  mpce-dsbl-margin-left mpce-dsbl-margin-right\">\n<div class=\"motopress-video-obj\"><iframe src=\"\/\/www.youtube.com\/embed\/csTzMBC1QGE?wmode=opaque\" class=\" mpce-dsbl-margin-left mpce-dsbl-margin-right mpce-dsbl-margin-top mpce-dsbl-margin-bottom\" frameborder=\"0\" webkitallowfullscreen mozallowfullscreen allowfullscreen><\/iframe><\/div>\n<\/div>\n<\/div>\n<div class=\"mp-row-fluid motopress-row mpce-dsbl-margin-left mpce-dsbl-margin-right\">\n<div class=\"motopress-clmn mp-span6  mpce-dsbl-margin-left mpce-dsbl-margin-right\">\n<div class=\"mp-row-fluid motopress-row mpce-dsbl-margin-left mpce-dsbl-margin-right\">\n<div class=\"motopress-clmn mp-span12 mpce-dsbl-margin-left mpce-dsbl-margin-right\">\n<div class=\"motopress-text-obj\">\n<h3>Ilustraciones Publicadas en:<\/h3>\n<\/div>\n<\/div>\n<\/div>\n<div class=\"mp-row-fluid motopress-row mpce-dsbl-margin-left mpce-dsbl-margin-right\">\n<div class=\"motopress-clmn mp-span12 mpce-dsbl-margin-left mpce-dsbl-margin-right\">\n<div class=\"motopress-text-obj\">\n<h5><span style=\"font-size: 18px;\"><em>Diarios<\/em><\/span><\/h5>\n<\/div>\n<\/div>\n<\/div>\n<div class=\"mp-row-fluid motopress-row mpce-dsbl-margin-left mpce-dsbl-margin-right\">\n<div class=\"motopress-clmn mp-span12 mpce-dsbl-margin-left mpce-dsbl-margin-right\">\n<div class=\"motopress-list-obj motopress-list-obj-basic \"><ul class=\"motopress-list-type-icon\"><li><i  style=\"color:rgb(75, 77, 77);\" class=\"fa fa-newspaper-o\"><\/i>El Mercurio<\/li><li><i  style=\"color:rgb(75, 77, 77);\" class=\"fa fa-newspaper-o\"><\/i>La Tercera<\/li><li><i  style=\"color:rgb(75, 77, 77);\" class=\"fa fa-newspaper-o\"><\/i>Las \u00daltimas Noticias<\/li><li><i  style=\"color:rgb(75, 77, 77);\" class=\"fa fa-newspaper-o\"><\/i>La Naci\u00f3n<\/li><li><i  style=\"color:rgb(75, 77, 77);\" class=\"fa fa-newspaper-o\"><\/i>El Sur de Concepci\u00f3n<\/li><li><i  style=\"color:rgb(75, 77, 77);\" class=\"fa fa-newspaper-o\"><\/i>El D\u00eda de La Serena<\/li><li><i  style=\"color:rgb(75, 77, 77);\" class=\"fa fa-newspaper-o\"><\/i>Diario Virtual El Mostrador<\/li><li><i  style=\"color:rgb(75, 77, 77);\" class=\"fa fa-newspaper-o\"><\/i>Cr\u00f3nica digital<\/li><\/ul><\/div>\n<\/div>\n<\/div>\n<\/div>\n<div class=\"motopress-clmn mp-span6  mpce-dsbl-margin-left mpce-dsbl-margin-right\">\n<div class=\"mp-row-fluid motopress-row mpce-dsbl-margin-left mpce-dsbl-margin-right\">\n<div class=\"motopress-clmn mp-span12 mpce-dsbl-margin-left mpce-dsbl-margin-right\">\n<div class=\"motopress-text-obj\">\n<h3>Premios Nacionales e Internacionales<\/h3>\n<\/div>\n<\/div>\n<\/div>\n<div class=\"mp-row-fluid motopress-row mpce-dsbl-margin-left mpce-dsbl-margin-right\">\n<div class=\"motopress-clmn mp-span12 mpce-dsbl-margin-left mpce-dsbl-margin-right\">\n<div class=\"motopress-list-obj motopress-list-obj-basic \"><ul class=\"motopress-list-type-icon\"><li><i  style=\"color:rgba(48, 49, 48, 0.78);\" class=\"fa fa-pencil\"><\/i>1\u00ba Lugar Concurso de C\u00f3mics organizado por la Embajada de Jap\u00f3n 2008<\/li><li><i  style=\"color:rgba(48, 49, 48, 0.78);\" class=\"fa fa-pencil\"><\/i>1\u00b0 Lugar en Concurso Ilustraci\u00f3n y Humor gr\u00e1fico USACH 2016<\/li><li><i  style=\"color:rgba(48, 49, 48, 0.78);\" class=\"fa fa-pencil\"><\/i>Menci\u00f3n Honrosa en Concurso Polla Chilena de Beneficiencia 1993<\/li><\/ul><\/div>\n<\/div>\n<\/div>\n<\/div>\n<\/div>\n<div class=\"mp-row-fluid motopress-row mpce-dsbl-margin-left mpce-dsbl-margin-right\">\n<div class=\"motopress-clmn mp-span12  mpce-dsbl-margin-left mpce-dsbl-margin-right\">\n<div class=\"mp-row-fluid motopress-row mpce-dsbl-margin-left mpce-dsbl-margin-right\">\n<div class=\"motopress-clmn mp-span6 mpce-dsbl-margin-left mpce-dsbl-margin-right\">\n<div class=\"motopress-text-obj\">\n<h5><em>Revistas\u00a0<\/em><\/h5>\n<\/div>\n<\/div>\n<div class=\"motopress-clmn mp-span6 mpce-dsbl-margin-left mpce-dsbl-margin-right\">\n<div class=\"motopress-text-obj\">\n<h3>Libros Publicados<\/h3>\n<\/div>\n<\/div>\n<\/div>\n<div class=\"mp-row-fluid motopress-row mpce-dsbl-margin-left mpce-dsbl-margin-right\">\n<div class=\"motopress-clmn mp-span12 mpce-dsbl-margin-left mpce-dsbl-margin-right\">\n<div class=\"motopress-list-obj motopress-list-obj-basic \"><ul class=\"motopress-list-type-icon\"><li><i  style=\"color:rgb(59, 59, 59);\" class=\"fa fa-leanpub\"><\/i>Revista Desaf\u00edo<\/li><\/ul><\/div>\n<\/div>\n<\/div>\n<div class=\"mp-row-fluid motopress-row mpce-dsbl-margin-left mpce-dsbl-margin-right\">\n<div class=\"motopress-clmn mp-span6 mpce-dsbl-margin-left mpce-dsbl-margin-right\">\n<div class=\"motopress-list-obj motopress-list-obj-basic \"><ul class=\"motopress-list-type-icon\"><li><i  style=\"color:rgb(59, 60, 60);\" class=\"fa fa-leanpub\"><\/i>Revista Gesti\u00f3n Minera<\/li><li><i  style=\"color:rgb(59, 60, 60);\" class=\"fa fa-leanpub\"><\/i>Revista Minuto 90<\/li><li><i  style=\"color:rgb(59, 60, 60);\" class=\"fa fa-leanpub\"><\/i>Revista Foto Sport<\/li><li><i  style=\"color:rgb(59, 60, 60);\" class=\"fa fa-leanpub\"><\/i>Revista S Deportes<\/li><li><i  style=\"color:rgb(59, 60, 60);\" class=\"fa fa-leanpub\"><\/i>Revista Induambiente<\/li><li><i  style=\"color:rgb(59, 60, 60);\" class=\"fa fa-leanpub\"><\/i>Revista Equilibrio, (virtual)<\/li><\/ul><\/div>\n<\/div>\n<div class=\"motopress-clmn mp-span6 mpce-dsbl-margin-left mpce-dsbl-margin-right\">\n<div class=\"motopress-list-obj motopress-list-obj-basic \"><ul class=\"motopress-list-type-icon\"><li><i  style=\"color:rgb(66, 66, 66);\" class=\"fa fa-book\"><\/i>Hinchando Pa&#8217;l Mundial: Alusivo al Mundial de Futbol de Espa\u00f1a 1982.<\/li><li><i  style=\"color:rgb(66, 66, 66);\" class=\"fa fa-book\"><\/i>El Pr\u00edncipe de las Tinieblas amplia su negocio: Alusivo a los experimentos nucleares efectuados en el Atol\u00f3n De Mururoa.<\/li><\/ul><\/div>\n<\/div>\n<\/div>\n<div class=\"mp-row-fluid motopress-row mpce-dsbl-margin-left mpce-dsbl-margin-right\">\n<div class=\"motopress-clmn mp-span6 mpce-dsbl-margin-left mpce-dsbl-margin-right\">\n<div class=\"motopress-text-obj\">\n<h5><em>Instituciones<\/em><\/h5>\n<\/div>\n<\/div>\n<div class=\"motopress-clmn mp-span6 mpce-dsbl-margin-left mpce-dsbl-margin-right\">\n<div class=\"motopress-text-obj\">\n<h3>Mi Historia&nbsp;<\/h3>\n<\/div>\n<\/div>\n<\/div>\n<\/div>\n<\/div>\n<div class=\"mp-row-fluid motopress-row mpce-dsbl-margin-left mpce-dsbl-margin-right\">\n<div class=\"motopress-clmn mp-span6  mpce-dsbl-margin-left mpce-dsbl-margin-right\">\n<div class=\"motopress-list-obj motopress-list-obj-basic \"><ul class=\"motopress-list-type-icon\"><li><i  style=\"color:rgb(75, 75, 75);\" class=\"fa fa-institution\"><\/i>Seminarium<\/li><li><i  style=\"color:rgb(75, 75, 75);\" class=\"fa fa-institution\"><\/i>Minvu, revista de comunicaciones internas<\/li><li><i  style=\"color:rgb(75, 75, 75);\" class=\"fa fa-institution\"><\/i>IST<\/li><li><i  style=\"color:rgb(75, 75, 75);\" class=\"fa fa-institution\"><\/i>Conaf<\/li><li><i  style=\"color:rgb(75, 75, 75);\" class=\"fa fa-institution\"><\/i>Lipigas<\/li><li><i  style=\"color:rgb(75, 75, 75);\" class=\"fa fa-institution\"><\/i>Fosis<\/li><li><i  style=\"color:rgb(75, 75, 75);\" class=\"fa fa-institution\"><\/i>Colegio San Ignacio<\/li><li><i  style=\"color:rgb(75, 75, 75);\" class=\"fa fa-institution\"><\/i>Hospital Salvador<\/li><li><i  style=\"color:rgb(75, 75, 75);\" class=\"fa fa-institution\"><\/i>Fudea &#8211; Usach<\/li><li><i  style=\"color:rgb(75, 75, 75);\" class=\"fa fa-institution\"><\/i>C\u00e1mara Franco \u2013 Chilena<\/li><li><i  style=\"color:rgb(75, 75, 75);\" class=\"fa fa-institution\"><\/i>Editorial Santillana<\/li><\/ul><\/div>\n<\/div>\n<div class=\"motopress-clmn mp-span6  mpce-dsbl-margin-left mpce-dsbl-margin-right\">\n<div class=\"motopress-video-obj\"><iframe src=\"\/\/www.youtube.com\/embed\/bmYWQf8h4Kw?wmode=opaque\" class=\" mpce-dsbl-margin-left mpce-dsbl-margin-right mpce-dsbl-margin-top mpce-dsbl-margin-bottom\" frameborder=\"0\" webkitallowfullscreen mozallowfullscreen allowfullscreen><\/iframe><\/div>\n<\/div>\n<\/div>\n","protected":false},"excerpt":{"rendered":"ORLANDO LAGOS ACU\u00d1A Estudios Colegio San Ignacio A.O. Universidad de Santiago T. Forestal Ilustraciones Publicadas en: Diarios El MercurioLa TerceraLas \u00daltimas NoticiasLa Naci\u00f3nEl Sur de Concepci\u00f3nEl D\u00eda de La SerenaDiario Virtual El MostradorCr\u00f3nica digital Premios Nacionales e Internacionales 1\u00ba Lugar Concurso de C\u00f3mics organizado por la Embajada de Jap\u00f3n 20081\u00b0 Lugar en Concurso Ilustraci\u00f3n y Humor gr\u00e1fico USACH 2016Menci\u00f3n Honrosa en Concurso Polla Chilena de Beneficiencia 1993 Revistas\u00a0 Libros Publicados Revista Desaf\u00edo Revista Gesti\u00f3n MineraRevista Minuto 90Revista Foto SportRevista S DeportesRevista InduambienteRevista Equilibrio, (virtual) Hinchando Pa&#8217;l Mundial: Alusivo al Mundial de Futbol de Espa\u00f1a 1982.El Pr\u00edncipe de las Tinieblas amplia su negocio: Alusivo a los experimentos nucleares efectuados en el Atol\u00f3n De Mururoa. Instituciones Mi Historia&nbsp; SeminariumMinvu, revista de comunicaciones internasISTConafLipigasFosisColegio San IgnacioHospital SalvadorFudea &#8211; UsachC\u00e1mara Franco \u2013 ChilenaEditorial Santillana","protected":false},"author":1,"featured_media":0,"parent":0,"menu_order":1,"comment_status":"closed","ping_status":"closed","template":"","meta":{"footnotes":""},"class_list":["post-5","page","type-page","status-publish","hentry"],"_links":{"self":[{"href":"https:\/\/proyectoilustrador.cl\/index.php\/wp-json\/wp\/v2\/pages\/5","targetHints":{"allow":["GET"]}}],"collection":[{"href":"https:\/\/proyectoilustrador.cl\/index.php\/wp-json\/wp\/v2\/pages"}],"about":[{"href":"https:\/\/proyectoilustrador.cl\/index.php\/wp-json\/wp\/v2\/types\/page"}],"author":[{"embeddable":true,"href":"https:\/\/proyectoilustrador.cl\/index.php\/wp-json\/wp\/v2\/users\/1"}],"replies":[{"embeddable":true,"href":"https:\/\/proyectoilustrador.cl\/index.php\/wp-json\/wp\/v2\/comments?post=5"}],"version-history":[{"count":19,"href":"https:\/\/proyectoilustrador.cl\/index.php\/wp-json\/wp\/v2\/pages\/5\/revisions"}],"predecessor-version":[{"id":254,"href":"https:\/\/proyectoilustrador.cl\/index.php\/wp-json\/wp\/v2\/pages\/5\/revisions\/254"}],"wp:attachment":[{"href":"https:\/\/proyectoilustrador.cl\/index.php\/wp-json\/wp\/v2\/media?parent=5"}],"curies":[{"name":"wp","href":"https:\/\/api.w.org\/{rel}","templated":true}]}}